{"id":145,"date":"2010-03-23T23:14:35","date_gmt":"2010-03-23T23:14:35","guid":{"rendered":"http:\/\/hemosoido.com\/?page_id=145"},"modified":"2010-03-23T23:14:35","modified_gmt":"2010-03-23T23:14:35","slug":"about-2","status":"publish","type":"page","link":"https:\/\/hemosoido.com\/?page_id=145","title":{"rendered":"About"},"content":{"rendered":"<p>Dos mujeres &#8211; amigos de toda la vida &#8211; hemos creado HemosOido para ayudar en la traducci\u00f3n de los bloggers cubanos.<\/p>\n<p>De acuerdo con ambos: &#8220;El \u00fanico prop\u00f3sito de este sitio  es que difundir las palabras de los  bloggers cubanos m\u00e1s all\u00e1 de los 350 millones de personas en  el mundo &#8212; personas muy afortunados &#8212; que pueden leerlos en espa\u00f1ol.<\/p>\n<p>Usted puede enviarnos un  correo electr\u00f3nico a info at HemosOido.com, o usted puede enviar sus  preguntas a nuestro blog.<\/p>\n<p>Gracias por ayudarnos y  por favor, que invitar a otros a venir aqu\u00ed y que traducir.<\/p>\n<hr \/>\n<p>Two woman &#8211;  life long friends &#8211; created HemosOido to help in translating Cuban bloggers.<\/p>\n<p>According to both: &#8220;The only purpose of this site is to spread the words of the Cuban bloggers beyond the fortunate 350 million people in the world who can read them in Spanish.&#8221;<\/p>\n<p>You can email us at info at HemosOido.com, or you may post your questions to our blog.<\/p>\n<p>Thank you for helping us and please invite others to come here and translate.<\/p>\n<hr \/>\n<p>Deux  femmes &#8211; amis de toute une vie &#8211; nous avons cr\u00e9\u00e9 HemosOido.com pour aider dans la  traduction de blogueurs cubains.<\/p>\n<p>Selon les deux: \u00abLe seul but de ce site est de diffuser les  paroles de blogueurs cubains au-del\u00e0 des 350 millions de personnes dans  le monde &#8211; les gens ont beaucoup de chance &#8211; q&#8217;ils peuvent  les lire en espagnol.<\/p>\n<p>Vous  pouvez nous envoyer un courriel \u00e0 info at HemosOido.com, ou vous pouvez  envoyer vos questions \u00e0 notre blog.<\/p>\n<p>Merci de nous aider et s&#8217;il  vous pla\u00eet inviter les autres \u00e0 venir ici et de traduire.<\/p>\n","protected":false},"excerpt":{"rendered":"<p>Dos mujeres &#8211; amigos de toda la vida &#8211; hemos creado HemosOido para ayudar en la traducci\u00f3n de los bloggers cubanos. De acuerdo con ambos: &#8220;El \u00fanico prop\u00f3sito de este sitio es que difundir las palabras de los bloggers cubanos m\u00e1s all\u00e1 de los 350 millones de personas en el mundo &#8212; personas muy afortunados &hellip; <a href=\"https:\/\/hemosoido.com\/?page_id=145\" class=\"more-link\">Continue reading<span class=\"screen-reader-text\"> &#8220;About&#8221;<\/span><\/a><\/p>\n","protected":false},"author":1,"featured_media":0,"parent":0,"menu_order":4,"comment_status":"open","ping_status":"open","template":"","meta":{"footnotes":""},"class_list":["post-145","page","type-page","status-publish","hentry"],"_links":{"self":[{"href":"https:\/\/hemosoido.com\/index.php?rest_route=\/wp\/v2\/pages\/145","targetHints":{"allow":["GET"]}}],"collection":[{"href":"https:\/\/hemosoido.com\/index.php?rest_route=\/wp\/v2\/pages"}],"about":[{"href":"https:\/\/hemosoido.com\/index.php?rest_route=\/wp\/v2\/types\/page"}],"author":[{"embeddable":true,"href":"https:\/\/hemosoido.com\/index.php?rest_route=\/wp\/v2\/users\/1"}],"replies":[{"embeddable":true,"href":"https:\/\/hemosoido.com\/index.php?rest_route=%2Fwp%2Fv2%2Fcomments&post=145"}],"version-history":[{"count":0,"href":"https:\/\/hemosoido.com\/index.php?rest_route=\/wp\/v2\/pages\/145\/revisions"}],"wp:attachment":[{"href":"https:\/\/hemosoido.com\/index.php?rest_route=%2Fwp%2Fv2%2Fmedia&parent=145"}],"curies":[{"name":"wp","href":"https:\/\/api.w.org\/{rel}","templated":true}]}}