{"id":106,"date":"2010-01-29T18:36:45","date_gmt":"2010-01-29T18:36:45","guid":{"rendered":"http:\/\/hemosoido.com\/?page_id=106"},"modified":"2021-11-30T18:43:28","modified_gmt":"2021-11-30T18:43:28","slug":"translating-cuba-2","status":"publish","type":"page","link":"https:\/\/hemosoido.com\/","title":{"rendered":"Traducci\u00f3n de bloggers cubanos"},"content":{"rendered":"<p>Bienvenido al Experimento de traducci\u00f3n a nivel mundial. Con su ayuda, estamos traduciendo bloggers cubanos.<\/p>\n<p>Welcome to the Worldwide Translation Experiment. With your help, we&#8217;re translating Cuban Bloggers.<\/p>\n<p>Bienvenue \u00e0 l&#8217;exp\u00e9rience de la traduction dans le monde. Avec votre aide, nous sommes traduire blogueurs cubains.<\/p>\n<p>Willkommen zum weltweiten \u00dcbersetzungsexperiment. Mit eurer Hilfe \u00fcbersetzen wir kubanische Blogger.<\/p>\n<p>Velkommen til dette verdensomsp\u00e6ndende overs\u00e6ttelseseksperiment. Med din hj\u00e6lp kan vi overs\u00e6tte cubanske bloggere.<\/p>\n<div>\n<div class=\"flags\"><a href=\"\/\/hemosoido.com\/?page_id=252\"><img decoding=\"async\" src=\"http:\/\/translatingcuba.com\/wp-content\/uploads\/2011\/02\/UNKG0001-e1298319207848.gif\" alt=\"\" width=\"100\" \/><br \/>\nEnglish<\/a><\/div>\n<div class=\"flags\"><a href=\"\/\/hemosoido.com\/?page_id=93\"><img decoding=\"async\" src=\"http:\/\/translatingcuba.com\/wp-content\/uploads\/2011\/02\/french-flag-e1298319378251.jpg\" alt=\"\" width=\"100\" \/><br \/>\nFran\u00e7ais<\/a><\/div>\n<div class=\"flags\"><a href=\"\/\/hemosoido.com\/?page_id=214\"><img decoding=\"async\" src=\"http:\/\/hemosoido.com\/images\/germanflag.png\" alt=\"\" width=\"100\" \/><br \/>\nDeutsch<\/a><\/div>\n<div class=\"flags\"><a href=\"\/\/hemosoido.com\/?page_id=222\"><img decoding=\"async\" src=\"http:\/\/translatingcuba.com\/wp-content\/uploads\/2011\/02\/danish-flag-e1298318801452.jpg\" alt=\"\" width=\"100\" \/><br \/>\nDansk<\/a><\/div>\n<\/div>\n","protected":false},"excerpt":{"rendered":"<p>Bienvenido al Experimento de traducci\u00f3n a nivel mundial. Con su ayuda, estamos traduciendo bloggers cubanos. Welcome to the Worldwide Translation Experiment. With your help, we&#8217;re translating Cuban Bloggers. Bienvenue \u00e0 l&#8217;exp\u00e9rience de la traduction dans le monde. Avec votre aide, nous sommes traduire blogueurs cubains. Willkommen zum weltweiten \u00dcbersetzungsexperiment. Mit eurer Hilfe \u00fcbersetzen wir kubanische &hellip; <a href=\"https:\/\/hemosoido.com\/\" class=\"more-link\">Continue reading<span class=\"screen-reader-text\"> &#8220;Traducci\u00f3n de bloggers cubanos&#8221;<\/span><\/a><\/p>\n","protected":false},"author":1,"featured_media":0,"parent":0,"menu_order":0,"comment_status":"closed","ping_status":"open","template":"","meta":{"footnotes":""},"class_list":["post-106","page","type-page","status-publish","hentry"],"_links":{"self":[{"href":"https:\/\/hemosoido.com\/index.php?rest_route=\/wp\/v2\/pages\/106","targetHints":{"allow":["GET"]}}],"collection":[{"href":"https:\/\/hemosoido.com\/index.php?rest_route=\/wp\/v2\/pages"}],"about":[{"href":"https:\/\/hemosoido.com\/index.php?rest_route=\/wp\/v2\/types\/page"}],"author":[{"embeddable":true,"href":"https:\/\/hemosoido.com\/index.php?rest_route=\/wp\/v2\/users\/1"}],"replies":[{"embeddable":true,"href":"https:\/\/hemosoido.com\/index.php?rest_route=%2Fwp%2Fv2%2Fcomments&post=106"}],"version-history":[{"count":48,"href":"https:\/\/hemosoido.com\/index.php?rest_route=\/wp\/v2\/pages\/106\/revisions"}],"predecessor-version":[{"id":264,"href":"https:\/\/hemosoido.com\/index.php?rest_route=\/wp\/v2\/pages\/106\/revisions\/264"}],"wp:attachment":[{"href":"https:\/\/hemosoido.com\/index.php?rest_route=%2Fwp%2Fv2%2Fmedia&parent=106"}],"curies":[{"name":"wp","href":"https:\/\/api.w.org\/{rel}","templated":true}]}}